{"id":1124,"date":"2016-04-07T13:48:16","date_gmt":"2016-04-07T12:48:16","guid":{"rendered":"https:\/\/casadoncarlos.com\/en\/wandelen-el-caminito-del-rey\/"},"modified":"2026-03-24T20:02:15","modified_gmt":"2026-03-24T19:02:15","slug":"hiking-el-caminito-del-rey","status":"publish","type":"page","link":"https:\/\/casadoncarlos.com\/en\/hiking-el-caminito-del-rey\/","title":{"rendered":"Hiking the El Caminito del Rey"},"content":{"rendered":"<div class=\"wpb-content-wrapper\"><p>[vc_row][vc_column width=&#8221;1\/3&#8243;][vc_column_text]Finally, after years of waiting the day is come: El Caminito del Rey, once the most dangerous hiking trail in the world, has opened his gates to the public on the 25<sup>th<\/sup> of March 2015. This is made possible by the millions of investment of the Diputaci\u00f3n de M\u00e1laga, municipalities and Junta de Andaluc\u00eda. After years of preparation, but only a year of work, is the new walking path El Caminito del Rey in the small village of El Chorro opened.<\/p>\n<p><strong>Reservations are required! <\/strong><\/p>\n<p>You can book via the website some months ahead. <strong>The entrance fee is \u20ac 11.55<\/strong> (including the bus ticket back).<\/p>\n<p><strong>Please note: any sort of highs and or depth fear can hinder walking this route!<\/strong><\/p>\n<p>Total length of the route is 7.7 km, divided into 4.8 km long access ways and 2.9 km long boardwalks.<\/p>\n<p>As for the boardwalks, the most famous part of the trail, 2.9 km of their length between the entrance to them and the exit point, comprises 1.5 km long boardwalks, and 1.4 km long paths or forest walkways.\u00a0Estimated time for the full length of the route (this is the way that comprises the two boardwalks, and the paths and the forest walkways that serve as the entrance to the area or its exit) is between three and four hours. Visitors should mind the long distance and the steep slopes that are to be covered in order to access the boardwalks.<\/p>\n<p><strong>There are two options to book your tickets<\/strong><strong>:<\/strong><\/p>\n<ul>\n<li>Book yourself by the official\u00a0<a href=\"https:\/\/entradas.mientrada.net\/evento\/public\/janto\/main.php?PAR=S&amp;#\">website of the Caminito del Rey<\/a><\/li>\n<\/ul>\n<ul>\n<li>If you have a reservation at our Bed &amp; Breakfast or Villa Alegria you can order tickets using the button (below).\u00a0we will order the tickets (if available) and they will be available upon arrival service cost \u20ac 2,00 p.p.).<\/li>\n<\/ul>\n<p>[\/vc_column_text]<style type=\"text\/css\">#dt-btn-1 {color: #5c5c5c;background: #f2f2f2;}#dt-btn-1 > .text-wrap * {color: #5c5c5c;}#dt-btn-1:hover {color: #5c5c5c;background: #f2f2f2;}#dt-btn-1:hover > .text-wrap * {color: #5c5c5c;}<\/style><a href=\"\/en\/activities\/hiking-andalucia\/kaarten-bestellen-voor-el-caminito-del-rey\/\" class=\"btn-shortcode dt-btn-m dt-btn custom-btn-color custom-btn-hover-color button-naast-elkaar\" id=\"dt-btn-1\"><span>Order tickets El Caminito del Rey at Casa don Carlos<\/span><\/a>[vc_empty_space height=&#8221;20px&#8221;][vc_column_text]More information&#8230;[\/vc_column_text][vc_accordion active_tab=&#8221;false&#8221; style=&#8221;2&#8243;][vc_accordion_tab title=&#8221;El Caminito del Rey and its role in Local Developme&#8221;][vc_column_text]<\/p>\n<div class=\"tituloSeccion\">\n<div class=\"tituloSeccion\"><strong>El Caminito del Rey as a Service Trail<\/strong><\/div>\n<p>&nbsp;<\/p>\n<p>The trail known as \u2018El Caminito del Rey\u2019 had an important role in a unifying mission of the village El Chorro. This narrow path, which goes along the right side of the gorge \u2013 El Defiladero de los Gaitanes (currently it only goes along the railway on the left bank of the Guadalhorce), was used for transport services between a small dam at the beginning of the water canal in Gaitanejo and the hydroelectric precipice El Chorro, placed past the Cliff of El Gran Gait\u00e1n.<\/p>\n<p><a class=\"imagenAmpliada\" title=\"El General Primo de Rivera recorriendo el Caminito del Rey\" href=\"http:\/\/static.malaga.es\/malaga\/subidas\/imagenes\/2\/5\/arc_177052_g.jpg\" rel=\"group1\"><img decoding=\"async\" class=\"imagen_derecha alignleft\" src=\"http:\/\/static.malaga.es\/malaga\/subidas\/imagenes\/2\/5\/arc_177052_m.jpg\" alt=\"El General Primo de Rivera recorriendo el Caminito del Rey\" \/><\/a>This, above all, functional path, very soon after it had been built, started to form part of everyday life of local people from El Chorro and surrounding villages. Besides few houses, the village El Chorro had many caves turned into houses with plenty of inhabitants, which were spread all over different mountains. For instance, in the area of Gaitanejo, where the beginning of the water canal connected to the hydraulic dam was, lived many families. Some of them were directly involved in the canal and hydraulic precipice maintenance, while the others were shepherds or farmers. The creation of the path that was 100 metres above the bottom of the gorge entailed a fast and comfortable access to El Chorro village. The building of the path also advantaged other caves inside the Desfiladero de los Gaitanes, like Toro (Bull) Cave, because they got directly connected with the railway and El Chorro.<\/p>\n<h3>Workers of El Chorro Dam<\/h3>\n<p>In the 1920s, after the dam El Chorro or The Count of Guadalhorce\u2019s Dam, as it was called later on, was built, some of the workers who participated in its construction stayed to live in that area. The trail \u2013 El Caminito del Rey was of great help to all of them. Children could go to school that was not far away, women buy essential products, and it was possible for everybody to keep in touch with other villages behind the surrounding mountains.<\/p>\n<p><a class=\"imagenAmpliada\" title=\"Visita al Caminito del Rey de los miembros del Congreso de Oceanograf\u00eda. 21 de mayo de 1935\" href=\"http:\/\/static.malaga.es\/malaga\/subidas\/imagenes\/9\/3\/arc_177039_g.jpg\" rel=\"group1\"><img decoding=\"async\" class=\"imagen_izquierda alignright\" src=\"http:\/\/static.malaga.es\/malaga\/subidas\/imagenes\/9\/3\/arc_177039_m.jpg\" alt=\"Visita al Caminito del Rey de los miembros del Congreso de Oceanograf\u00eda. 21 de mayo de 1935\" \/><\/a>Continuous comings and goings of people of all ages along the trail were common from that moment during the day or night, considering that the way was lightened. Inhabitants from this area used it to meet other people, and still today, they remember very fondly how they\u00a0 walked along the path Caminito del Rey, on foot, by bicycle or on a horse, when they wanted to cross the Gorge of the Gaitanes. They remember how children used it to go to school, women to grocery shops, and men to a canteen; how sometimes they had to carry parcels and shopping bags across the path, and sometimes they would go over it for pleasure to meet their girlfriends that lived on the other side. This is how the path became the part of these people\u2019s day-to-day pace and got attached to some of the most important moments of their lives.<\/p>\n<h3>Damage on the Trail and the Need for its Reconstruction<\/h3>\n<p>Little time ago, the trail was highly damaged. Natural circumstances and human actions brought it to a state of deplorable devastation.<\/p>\n<p><a class=\"imagenAmpliada\" title=\"El riesgo (11)\" href=\"http:\/\/static.malaga.es\/malaga\/subidas\/imagenes\/1\/6\/arc_176761_g.jpg\" rel=\"group1\"><img decoding=\"async\" class=\"imagen_derecha alignleft\" src=\"http:\/\/static.malaga.es\/malaga\/subidas\/imagenes\/1\/6\/arc_176761_m.jpg\" alt=\"El riesgo (11)\" \/><\/a>It was impossible to use El Caminito del Rey and the connection between different villages disappeared as well as a part of the history of the villages from that area.<\/p>\n<h3>Repairs on the path El Caminito de Rey<\/h3>\n<p>Reconstruction of the trail is not only important because of tourist reasons and because it is an attraction for the visitors who come to the area of El Gaitanes, but also because it is a part of history and memories that belong to the people from this zone.<\/p>\n<p>Therefore, the M\u00e1laga County Council in collaboration with the towns that the path goes through \u2013 \u00c1lora, Antequera and Ardales\u2013, Andalusian Government and a few ministry departments, decided to start reconstruction works on the path. The contract was accepted in February 2014, which means that the works are going to start in 2015.<\/p><\/div>\n<p>[\/vc_column_text][vc_empty_space height=&#8221;20px&#8221;][\/vc_accordion_tab][vc_accordion_tab title=&#8221;Compulsory Regulations&#8221;][vc_column_text]<\/p>\n<ol>\n<li>Tickets shall be obtained on telematics-based platform at the path\u2019s website (www.caminitodelrey.info), or by means determined by the licensed company. You will be issued with the ticket only after having accepted the conditions. On that occasion, you shall be given an access code that can be read by telematics devices.<\/li>\n<li>Access will always be, unless authorization, by the northern area (Ardales) in order that the visitor always makes it downhill.<\/li>\n<li>Visitors and minors with responsible adults need to have their ticket and ID, passport or corresponding identification at all times in case they need to show it to the personnel at some point of the path. The ticket has to be handed at the exit as well.<\/li>\n<li>Person in possession of ticket will have civil liability insurance that will cover any accident along the trail except those provoked by failure to comply with established regulations or those that are visitor\u2019s fault.<\/li>\n<li>Visitors who have previously booked their tickets need to arrive at the access points at least half an hour earlier than written on the booking receipt so groups could be formed.<\/li>\n<li>Visitors with tickets shall go directly to the trail through the entrance placed in the Municipality of\u00a0Ardales (northern access). These will be indicated by signs. It will only be possible to access the path at the authorized places, while the entrance at any other spot, especially along the railway, is absolutely forbidden. The County Council and the corresponding organization in charge of the spot will be absolved from any responsibility in the case of that kind of actions.<\/li>\n<li>Visitors are obliged to put on correctly the safety equipment they will be provided with at the entrance.<\/li>\n<li>Everybody should walk on the right side of the trail, above all, along the boardwalks. When two people get across each other, there is to be careful when walking next to the rail that protects from falling down the gorge in order to avoid hazard.<\/li>\n<li>Those who would like to go climbing will have free entrance to the path. For that purpose, they need to show their civil liability insurance at the access points, and to register and accept the regulations and conditions of the nature reserve in the case of this activity.<\/li>\n<li>Climbing is allowed only on the walls that have been approved for that purpose by the responsible environmental consultancy. Nevertheless, in the gorge, only the part of the rock under the boardwalks will be in use. Any competitive climbing without previous authorization from the body responsible for the environment is forbidden. Moreover, climbers have to respect other regulations, obligations and prohibitions from this document, except those regarding rucksacks.\u00a0It is banned to jump over the rails in order to access the climbing areas, or to anchor on the boardwalks.<\/li>\n<li>Visitors, climbers and other people who come to El Caminito del Rey Path, and the nature reserve Desfiladero de los Gaitanes have to obey these norms as well as those established by the responsible environmental consultancy.<\/li>\n<\/ol>\n<p>[\/vc_column_text][vc_empty_space height=&#8221;20px&#8221;]<style type=\"text\/css\">#dt-btn-2 {color: #5c5c5c;background: #f2f2f2;}#dt-btn-2 > .text-wrap * {color: #5c5c5c;}#dt-btn-2:hover {color: #5c5c5c;background: #f2f2f2;}#dt-btn-2:hover > .text-wrap * {color: #5c5c5c;}<\/style><a href=\"\/activiteiten\/wandelen-andalusie\/kaarten-bestellen-voor-el-caminito-del-rey\/\" class=\"btn-shortcode dt-btn-m dt-btn custom-btn-color custom-btn-hover-color button-naast-elkaar\" id=\"dt-btn-2\"><span>Kaarten bestellen<\/span><\/a>[\/vc_accordion_tab][vc_accordion_tab title=&#8221;The following rules shall also be considered:&#8221;][vc_column_text]<\/p>\n<ol>\n<li>At the access points and during the visit, the rules are to be followed by everyone, as well as the indications given by the staff from the Control and Information Section and from the security guards. Please, take necessary measures to prevent falling down and keep the area clean.<\/li>\n<li>People and vehicles can only move in the areas which are authorized and indicated for that purpose. Therefore, you have to respect the banning and information signs.<\/li>\n<li>Those who do not respect the above rules can be expelled from the area by the responsible personnel or authorities.<\/li>\n<li>The corresponding organization has the authority to close, limit or temporarily suspend visits, even during the opening hours and days, for safety\u2019s matters, and in order to preserve the place, or because of refurbishment works, weather or some circumstances beyond anybody\u2019s control. There are no rights of compensation for the people affected by these changes.<\/li>\n<li>Nonetheless, regulations, rules or suggestions given by the employees who manage the trail, environmental agents, or state security officers are compulsory.<\/li>\n<li>All the information related to this active tourism infrastructure, as well as changes, alterations or problems regarding the access to the area, will be provided at the path\u2019s website and the telematics-based booking platform<\/li>\n<\/ol>\n<p>[\/vc_column_text][\/vc_accordion_tab][\/vc_accordion][vc_empty_space height=&#8221;20px&#8221;][\/vc_column][vc_column width=&#8221;1\/3&#8243;][vc_video link=&#8221;https:\/\/youtu.be\/8AYS8K5QtG8&#8243;][vc_empty_space height=&#8221;20px&#8221;][vc_video link=&#8221;https:\/\/youtu.be\/ZmDhRvvs5Xw&#8221;][vc_video][\/vc_column][vc_column width=&#8221;1\/3&#8243;][vc_raw_html css=&#8221;&#8221;]JTNDZGl2JTIwZGF0YS10aXFldHMtd2lkZ2V0JTNEJTIyYXZhaWxhYmlsaXR5JTIyJTIwZGF0YS1sYXlvdXQlM0QlMjJmdWxsJTIyJTIwZGF0YS1vcmllbnRhdGlvbiUzRCUyMnZlcnRpY2FsJTIyJTIwZGF0YS12ZW51ZS1pZCUzRCUyMjE3MjU3MyUyMiUyMGRhdGEtcGFydG5lciUzRCUyMmNhcm9uYWxkX2d1ZXN0aG91c2Vfcy5sLl9iOTI3NC0xODUwNzQlMjIlMjBkYXRhLXRxLWNhbXBhaWduJTNEJTIyY2FtaW5pdG8lMjIlM0UlM0MlMkZkaXYlM0UlM0NzY3JpcHQlMjBkZWZlciUyMHNyYyUzRCUyMmh0dHBzJTNBJTJGJTJGd2lkZ2V0cy50aXFldHMuY29tJTJGbG9hZGVyLmpzJTIyJTNFJTNDJTJGc2NyaXB0JTNF[\/vc_raw_html][\/vc_column][\/vc_row][vc_row type=&#8221;1&#8243; margin_top=&#8221;50px&#8221; margin_bottom=&#8221;-50px&#8221; padding_top=&#8221;50px&#8221; padding_bottom=&#8221;50px&#8221;][vc_column width=&#8221;2\/3&#8243;][vc_column_text css=&#8221;.vc_custom_1461854604589{padding-top: 10px !important;}&#8221;]<\/p>\n<h3>Walk the Caminito during your stay in\u00a0Bed &amp; Breakfast Casa don Carlos!<\/h3>\n<p>[\/vc_column_text][\/vc_column][vc_column width=&#8221;1\/3&#8243;]<style type=\"text\/css\">#dt-btn-3 {color: #5c5c5c;background: #ffffff;}#dt-btn-3 > .text-wrap * {color: #5c5c5c;}#dt-btn-3:hover {color: #5c5c5c;background: #ffffff;}#dt-btn-3:hover > .text-wrap * {color: #5c5c5c;}<\/style><a href=\"\/en\/contact\" class=\"btn-shortcode dt-btn-m dt-btn custom-btn-color custom-btn-hover-color button-naast-elkaar\" id=\"dt-btn-3\"><span>Contact<\/span><\/a>[\/vc_column][\/vc_row]<\/p>\n<\/div>","protected":false},"excerpt":{"rendered":"<p>[vc_row][vc_column width=&#8221;1\/3&#8243;][vc_column_text]Finally, after years of waiting the day is come: El Caminito del Rey, once the most dangerous hiking trail in the world, has opened his gates to the public on the 25th of March 2015. This is made possible by the millions of investment of the Diputaci\u00f3n de M\u00e1laga, municipalities and Junta de Andaluc\u00eda.&hellip;<\/p>\n","protected":false},"author":1,"featured_media":0,"parent":0,"menu_order":0,"comment_status":"closed","ping_status":"closed","template":"","meta":{"_joinchat":[],"footnotes":""},"class_list":["post-1124","page","type-page","status-publish","hentry","description-off"],"_links":{"self":[{"href":"https:\/\/casadoncarlos.com\/en\/wp-json\/wp\/v2\/pages\/1124","targetHints":{"allow":["GET"]}}],"collection":[{"href":"https:\/\/casadoncarlos.com\/en\/wp-json\/wp\/v2\/pages"}],"about":[{"href":"https:\/\/casadoncarlos.com\/en\/wp-json\/wp\/v2\/types\/page"}],"author":[{"embeddable":true,"href":"https:\/\/casadoncarlos.com\/en\/wp-json\/wp\/v2\/users\/1"}],"replies":[{"embeddable":true,"href":"https:\/\/casadoncarlos.com\/en\/wp-json\/wp\/v2\/comments?post=1124"}],"version-history":[{"count":15,"href":"https:\/\/casadoncarlos.com\/en\/wp-json\/wp\/v2\/pages\/1124\/revisions"}],"predecessor-version":[{"id":6431,"href":"https:\/\/casadoncarlos.com\/en\/wp-json\/wp\/v2\/pages\/1124\/revisions\/6431"}],"wp:attachment":[{"href":"https:\/\/casadoncarlos.com\/en\/wp-json\/wp\/v2\/media?parent=1124"}],"curies":[{"name":"wp","href":"https:\/\/api.w.org\/{rel}","templated":true}]}}