{"id":1109,"date":"2016-04-01T16:26:33","date_gmt":"2016-04-01T15:26:33","guid":{"rendered":"https:\/\/casadoncarlos.com\/en\/andalusie\/"},"modified":"2016-04-29T13:58:43","modified_gmt":"2016-04-29T12:58:43","slug":"andalusia","status":"publish","type":"page","link":"https:\/\/casadoncarlos.com\/en\/surroundings\/andalusia\/","title":{"rendered":"Andalusia"},"content":{"rendered":"<div class=\"wpb-content-wrapper\"><p>[vc_row][vc_column][vc_widget_sidebar show_bg=&#8221;false&#8221; sidebar_id=&#8221;sidebar_7&#8243; el_class=&#8221;menu-buttons&#8221;][\/vc_column][\/vc_row][vc_row][vc_column width=&#8221;1\/2&#8243;][vc_column_text]Andalusia is the meeting point of two continets, Africa and Europe, as well as the Atlantic Ocean and the Mediterranean Sea.<\/p>\n<p>It is located at the southernmost point of Europe, an area bigger than for instants The Netherlands, Belgium, Austria or even Switerland, actual it is 17,3% of whole Spain. Andalusia has 7 provinces how are named after their capitals, Sevilla, C\u00f3rdoba, Huelva, Ja\u00e9n, C\u00e1diz, Almer\u00eda, Granada and M\u00e1laga.<\/p>\n<p>Andalusia is one of the warmest regions anywhere in Europe. It has a warm, Mediterranean climate with dry, hot summers and mild winters with infrequent precipitation. If there is one characteristic trait of Andalusia\u2019s atmosphere, it is its light. The high proportion of hours of sunshine marks the cheerful, hospitable character of the region\u2019s people.<\/p>\n<p>The diversity, expanse and ecological wealth of Andalusia bring together the highest peaks of the Iberian Peninsula in Sierra Nevada, large areas of wetland, dense, shady forests, volcanic deserts and all but untouched areas of coastline.<\/p>\n<p>[\/vc_column_text][vc_empty_space height=&#8221;20px&#8221;][vc_accordion active_tab=&#8221;false&#8221; style=&#8221;2&#8243;][vc_accordion_tab title=&#8221;Read more&#8230;&#8221;][vc_column_text]Andalusia has a huge network of\u00a0\u00a0Protected Nature Areas, covering around 18% of the land area, designated as Nature Areas, Nature Reserves and National Parks, making this the Spanish region at the head of the list in terms of environmental heritage protection.<\/p>\n<p>Within 40 km you go from the snow covered mountains to the sub-tropical beaches along the Mediterranean Sea and with more than 900 km coastline you will find always a nice and quiet beach or pittoresk village.<\/p>\n<p>Andalusia is nowadays a modern region with a network of more tha 24.000 km. main roads and motorways (red de carrateras de Andaluc\u00eda), That\u00b4s why you can go from Bed &amp; Breakfast Casa don Carlos, Alhaurin el Grande within reasonable time to any city. Check out our location on page\u00a0<a href=\"https:\/\/casadoncarlos.com\/en\/casa-don-carlos\/location\/\">location<\/a>\u00a0)<\/p>\n<p>Through out the history many different people and religions where living in Andalusia and left behind a great legacy what still remains in the culture, the art and the traditions for example:<\/p>\n<p>The great painters; Vel\u00e1zques, Murillo and of course Picasso.<\/p>\n<p>The traditions like the many processions with Semana Santa (Eastern) and Dia de la Cruz (May);<\/p>\n<p>The Fer\u00eda\u00b4s (fairs) when you see the locals in their traditional clothing celebrating life with bullfights, music and good food;<\/p>\n<p>The Flaminco music how gets you right in the heart with joy and sadness and don\u00b4t forget the\u00a0Andalusian architectural style which is based on the multi-cultural history.<\/p>\n<p>Discover what Andalusia can offer you\u00a0<a href=\"http:\/\/www.andalucia.org\/en\" target=\"_blank\">official website<\/a>[\/vc_column_text][\/vc_accordion_tab][\/vc_accordion][vc_empty_space height=&#8221;20px&#8221;][\/vc_column][vc_column width=&#8221;1\/2&#8243;][vc_single_image image=&#8221;1097&#8243; img_size=&#8221;full&#8221; alignment=&#8221;center&#8221;][vc_video link=&#8221;https:\/\/www.youtube.com\/embed\/-oEygFpWN9M&#8221; align=&#8221;center&#8221;][\/vc_column][\/vc_row][vc_row margin_top=&#8221;50px&#8221; margin_bottom=&#8221;-50px&#8221; type=&#8221;1&#8243; padding_top=&#8221;50px&#8221; padding_bottom=&#8221;50px&#8221;][vc_column width=&#8221;2\/3&#8243;][vc_column_text css=&#8221;.vc_custom_1461931236708{padding-top: 10px !important;}&#8221;]<\/p>\n<h3>You&#8217;re welcome at Bed &amp; Breakfast Casa don Carlos!<\/h3>\n<p>[\/vc_column_text][\/vc_column][vc_column width=&#8221;1\/3&#8243;]<style type=\"text\/css\">#dt-btn-1 {color: #5c5c5c;background: #ffffff;}#dt-btn-1 > .text-wrap * {color: #5c5c5c;}#dt-btn-1:hover {color: #5c5c5c;background: #ffffff;}#dt-btn-1:hover > .text-wrap * {color: #5c5c5c;}<\/style><a href=\"\/en\/contact\" class=\"btn-shortcode dt-btn-m dt-btn custom-btn-color custom-btn-hover-color button-naast-elkaar\" id=\"dt-btn-1\"><span>Contact<\/span><\/a><a href=\"\/en\/reservation\" class=\"btn-shortcode dt-btn-m dt-btn default-btn-color default-btn-hover-color default-btn-bg-color default-btn-bg-hover-color\" id=\"dt-btn-2\"><span>Make a reservation<\/span><\/a>[\/vc_column][\/vc_row]<\/p>\n<\/div>","protected":false},"excerpt":{"rendered":"<p>[vc_row][vc_column][vc_widget_sidebar show_bg=&#8221;false&#8221; sidebar_id=&#8221;sidebar_7&#8243; el_class=&#8221;menu-buttons&#8221;][\/vc_column][\/vc_row][vc_row][vc_column width=&#8221;1\/2&#8243;][vc_column_text]Andalusia is the meeting point of two continets, Africa and Europe, as well as the Atlantic Ocean and the Mediterranean Sea. It is located at the southernmost point of Europe, an area bigger than for instants The Netherlands, Belgium, Austria or even Switerland, actual it is 17,3% of whole Spain. Andalusia&hellip;<\/p>\n","protected":false},"author":1,"featured_media":0,"parent":1114,"menu_order":0,"comment_status":"closed","ping_status":"closed","template":"","meta":{"_joinchat":[],"footnotes":""},"class_list":["post-1109","page","type-page","status-publish","hentry","description-off"],"_links":{"self":[{"href":"https:\/\/casadoncarlos.com\/en\/wp-json\/wp\/v2\/pages\/1109","targetHints":{"allow":["GET"]}}],"collection":[{"href":"https:\/\/casadoncarlos.com\/en\/wp-json\/wp\/v2\/pages"}],"about":[{"href":"https:\/\/casadoncarlos.com\/en\/wp-json\/wp\/v2\/types\/page"}],"author":[{"embeddable":true,"href":"https:\/\/casadoncarlos.com\/en\/wp-json\/wp\/v2\/users\/1"}],"replies":[{"embeddable":true,"href":"https:\/\/casadoncarlos.com\/en\/wp-json\/wp\/v2\/comments?post=1109"}],"version-history":[{"count":7,"href":"https:\/\/casadoncarlos.com\/en\/wp-json\/wp\/v2\/pages\/1109\/revisions"}],"predecessor-version":[{"id":1312,"href":"https:\/\/casadoncarlos.com\/en\/wp-json\/wp\/v2\/pages\/1109\/revisions\/1312"}],"up":[{"embeddable":true,"href":"https:\/\/casadoncarlos.com\/en\/wp-json\/wp\/v2\/pages\/1114"}],"wp:attachment":[{"href":"https:\/\/casadoncarlos.com\/en\/wp-json\/wp\/v2\/media?parent=1109"}],"curies":[{"name":"wp","href":"https:\/\/api.w.org\/{rel}","templated":true}]}}